{"id":11939,"date":"2017-04-16T23:17:36","date_gmt":"2017-04-16T23:17:36","guid":{"rendered":"https:\/\/centroamericatravelmarket.com\/?page_id=11939"},"modified":"2017-04-16T23:17:36","modified_gmt":"2017-04-16T23:17:36","slug":"organizacion-de-la-feria","status":"publish","type":"page","link":"https:\/\/archive.centroamericatravelmarket.com\/en\/organizacion-de-la-feria\/","title":{"rendered":"Organizaci\u00f3n de la Feria"},"content":{"rendered":"<div class=\"fusion-fullwidth fullwidth-box fusion-builder-row-1 fusion-flex-container nonhundred-percent-fullwidth non-hundred-percent-height-scrolling\" style=\"--awb-border-radius-top-left:0px;--awb-border-radius-top-right:0px;--awb-border-radius-bottom-right:0px;--awb-border-radius-bottom-left:0px;--awb-flex-wrap:wrap;\" ><div class=\"fusion-builder-row fusion-row fusion-flex-align-items-flex-start fusion-flex-content-wrap\" style=\"max-width:calc( 1100px + 0px );margin-left: calc(-0px \/ 2 );margin-right: calc(-0px \/ 2 );\"><div class=\"fusion-layout-column fusion_builder_column fusion-builder-column-0 fusion_builder_column_1_1 1_1 fusion-flex-column\" style=\"--awb-bg-size:cover;--awb-width-large:100%;--awb-margin-top-large:0px;--awb-spacing-right-large:0px;--awb-margin-bottom-large:20px;--awb-spacing-left-large:0px;--awb-width-medium:100%;--awb-spacing-right-medium:0px;--awb-spacing-left-medium:0px;--awb-width-small:100%;--awb-spacing-right-small:0px;--awb-spacing-left-small:0px;\"><div class=\"fusion-column-wrapper fusion-flex-justify-content-flex-start fusion-content-layout-column\"><div class=\"fusion-text fusion-text-1\"><h2>Organizaciones Involucradas<\/h2>\n<p>La organizaci\u00f3n de la feria est\u00e1 a cargo de la Federaci\u00f3n de C\u00e1maras de Turismo de Centroam\u00e9rica &#8211; FEDECATUR, con el apoyo de los Institutos \u00a0 o Ministerios de Turismo. A continuaci\u00f3n se detallan las entidades involucradas con \u00a0 la organizaci\u00f3n de la feria:<\/p>\n<h3>Consejo Directivo de CATA (CD CATA):<\/h3>\n<p>Integrado por el Consejo Centroamericano de Turismo (CCT), los Presidentes de C\u00e1maras de Turismo de la Regi\u00f3n, congregadas en la Federaci\u00f3n de C\u00e1maras de Turismo de Centroam\u00e9rica (FEDECATUR), y sus Socios Corporativos Platino.<\/p>\n<h3><b><i>Comit\u00e9 Organizador Nacional (CON):<\/i><\/b><\/h3>\n<p>Integrado por el Instituto o Ministerio de Turismo, la C\u00e1mara Nacional de Turismo y otras entidades de apoyo en el pa\u00eds sede, cuyos miembros son definidos conjuntamente por el Ministerio de Turismo y la C\u00e1mara Nacional de Turismo. El CON cuenta con una Direcci\u00f3n Ejecutiva, pudiendo tener apoyo de alguna Organizaci\u00f3n Profesional de Eventos (OPE) y Comisiones de Trabajo: log\u00edstica de transporte a\u00e9reo y terrestre, agenda social, log\u00edstica local y\/o recinto ferial, registro, directorio y atenci\u00f3n a mayoristas, prensa, pre y post tours, hoteles, edecanes, material promocional y compras.<\/p>\n<h3><b><i>Direcci\u00f3n Ejecutiva:<\/i><\/b><\/h3>\n<p>El Director(a) Ejecutivo(a) ser\u00e1 contratado(a) por la C\u00e1mara Nacional de Turismo del pa\u00eds sede, estar\u00e1 encargado(a) de la organizaci\u00f3n de la feria. Reportar\u00e1 directamente al CON. As\u00ed mismo el (la) Director(a) Ejecutivo(a) informar\u00e1 de los avances en las reuniones del Comit\u00e9 Ejecutivo de CATA, presentando el informe de organizaci\u00f3n inicial y de resultado final de la feria al Consejo Directivo de CATA.<\/p>\n<h3><b><i>Agencia de Promoci\u00f3n Tur\u00edstica Centroam\u00e9rica (CATA):<\/i><\/b><\/h3>\n<p>Es la instancia que brinda apoyo en contactos y promoci\u00f3n con mayoristas, operadores y prensa en Europa. CATA gestiona las tarifas desde Europa, las plazas a\u00e9reas para los asistentes europeos (mayoristas y prensa) a CATM. La persona responsable y enlace con el CON y Consejo Directivo de CATA es el (la) Secretario(a) General de CATA, quien asignar\u00e1 personal t\u00e9cnico de apoyo en \u00e1reas de promoci\u00f3n, mercadeo, comunicaci\u00f3n y prensa.<\/p>\n<h3><b><i>L\u00ednea A\u00e9rea AVIANCA:<\/i><\/b><\/h3>\n<p>Es la l\u00ednea a\u00e9rea oficial. Brinda boletos de cortes\u00eda, tarifas especiales intrarregionales y de conexi\u00f3n desde cualquier punto de Estados Unidos y\/o Am\u00e9rica Latina hacia la regi\u00f3n centroamericana. Es parte vital en la organizaci\u00f3n del evento para reservas, tarifas especiales, compra y promoci\u00f3n de la feria a trav\u00e9s de los representantes de AVIANCA en los mercados meta.<\/p>\n<\/div><\/div><\/div><\/div><\/div>","protected":false},"excerpt":{"rendered":"","protected":false},"author":1,"featured_media":0,"parent":0,"menu_order":0,"comment_status":"closed","ping_status":"closed","template":"","meta":{"_bbp_topic_count":0,"_bbp_reply_count":0,"_bbp_total_topic_count":0,"_bbp_total_reply_count":0,"_bbp_voice_count":0,"_bbp_anonymous_reply_count":0,"_bbp_topic_count_hidden":0,"_bbp_reply_count_hidden":0,"_bbp_forum_subforum_count":0,"footnotes":""},"class_list":["post-11939","page","type-page","status-publish","hentry"],"_links":{"self":[{"href":"https:\/\/archive.centroamericatravelmarket.com\/en\/wp-json\/wp\/v2\/pages\/11939","targetHints":{"allow":["GET"]}}],"collection":[{"href":"https:\/\/archive.centroamericatravelmarket.com\/en\/wp-json\/wp\/v2\/pages"}],"about":[{"href":"https:\/\/archive.centroamericatravelmarket.com\/en\/wp-json\/wp\/v2\/types\/page"}],"author":[{"embeddable":true,"href":"https:\/\/archive.centroamericatravelmarket.com\/en\/wp-json\/wp\/v2\/users\/1"}],"replies":[{"embeddable":true,"href":"https:\/\/archive.centroamericatravelmarket.com\/en\/wp-json\/wp\/v2\/comments?post=11939"}],"version-history":[{"count":1,"href":"https:\/\/archive.centroamericatravelmarket.com\/en\/wp-json\/wp\/v2\/pages\/11939\/revisions"}],"predecessor-version":[{"id":11940,"href":"https:\/\/archive.centroamericatravelmarket.com\/en\/wp-json\/wp\/v2\/pages\/11939\/revisions\/11940"}],"wp:attachment":[{"href":"https:\/\/archive.centroamericatravelmarket.com\/en\/wp-json\/wp\/v2\/media?parent=11939"}],"curies":[{"name":"wp","href":"https:\/\/api.w.org\/{rel}","templated":true}]}}