{"id":11977,"date":"2017-04-17T00:34:26","date_gmt":"2017-04-17T00:34:26","guid":{"rendered":"https:\/\/centroamericatravelmarket.com\/?page_id=11977"},"modified":"2017-06-19T18:57:25","modified_gmt":"2017-06-19T18:57:25","slug":"invitados","status":"publish","type":"page","link":"https:\/\/archive.centroamericatravelmarket.com\/en\/invitados\/","title":{"rendered":"Invitados"},"content":{"rendered":"<div class=\"fusion-fullwidth fullwidth-box fusion-builder-row-1 fusion-flex-container nonhundred-percent-fullwidth non-hundred-percent-height-scrolling\" style=\"--awb-border-radius-top-left:0px;--awb-border-radius-top-right:0px;--awb-border-radius-bottom-right:0px;--awb-border-radius-bottom-left:0px;--awb-flex-wrap:wrap;\" ><div class=\"fusion-builder-row fusion-row fusion-flex-align-items-flex-start fusion-flex-content-wrap\" style=\"max-width:calc( 1100px + 0px );margin-left: calc(-0px \/ 2 );margin-right: calc(-0px \/ 2 );\"><div class=\"fusion-layout-column fusion_builder_column fusion-builder-column-0 fusion_builder_column_1_1 1_1 fusion-flex-column\" style=\"--awb-bg-size:cover;--awb-width-large:100%;--awb-margin-top-large:0px;--awb-spacing-right-large:0px;--awb-margin-bottom-large:20px;--awb-spacing-left-large:0px;--awb-width-medium:100%;--awb-spacing-right-medium:0px;--awb-spacing-left-medium:0px;--awb-width-small:100%;--awb-spacing-right-small:0px;--awb-spacing-left-small:0px;\"><div class=\"fusion-column-wrapper fusion-flex-justify-content-flex-start fusion-content-layout-column\"><div class=\"fusion-title title fusion-title-1 fusion-sep-none fusion-title-text fusion-title-size-two\" style=\"--awb-margin-top-small:10px;--awb-margin-right-small:0px;--awb-margin-bottom-small:10px;--awb-margin-left-small:0px;\"><h2 class=\"fusion-title-heading title-heading-left fusion-responsive-typography-calculated\" style=\"margin:0;--fontSize:22;line-height:1.5;\">Agencias Mayoristas y Medios de Prensa<\/h2><\/div><div class=\"fusion-text fusion-text-1\"><h3>La participaci\u00f3n en la feria para Agencias Mayoristas incluye:<\/h3>\n<ol>\n<li>Boleto ida y regreso, desde su pa\u00eds de origen hacia el pa\u00eds sede del evento y retorno desde cualquier otro punto de Centroam\u00e9rica (boletos con fechas para viajar \u00fanicamente entre los d\u00edas de feria)<\/li>\n<li>Alojamiento durante la feria<\/li>\n<li>Alimentaci\u00f3n durante los d\u00edas de feria<\/li>\n<li>Transporte aeropuerto &#8211; hotel \u2013 recinto ferial \u2013 hotel (y otras actividades que se desarrollen en el marco de la feria)<\/li>\n<li>Participaci\u00f3n gratuita en los pre tours en el pa\u00eds sede y post tours a los pa\u00edses de Centroam\u00e9rica<\/li>\n<li>Participaci\u00f3n gratuita en la feria y en las actividades oficiales programadas<\/li>\n<\/ol>\n<p><strong>Para formalizar su participaci\u00f3n en la Feria CATM, es necesario hacer llegar la siguiente documentaci\u00f3n:<\/strong><\/p>\n<ol>\n<li>Carta de la empresa confirmando las designaci\u00f3n y participaci\u00f3n del representante siendo este Director, Gerente de Producto o ventas con capacidad de decisi\u00f3n en las negociaciones previstas<\/li>\n<li>Enviar pasaporte escaneado (p\u00e1gina principal)<\/li>\n<li>Cumplir con el m\u00ednimo de citas establecidas por la organizaci\u00f3n<\/li>\n<li>Cumplir con el horario establecido en el programa de la feria<\/li>\n<li>Enviar debidamente firmado y sellado el acuerdo de compromiso una vez confirme su participaci\u00f3n<\/li>\n<li>Confirmar su participaci\u00f3n antes de la fecha estipulada en la invitaci\u00f3n, de otra forma la organizaci\u00f3n no asegura el espacio<\/li>\n<li>Completar debidamente el formulario de registro<\/li>\n<\/ol>\n<h3>La participaci\u00f3n en la feria para Medios de Prensa incluye:<\/h3>\n<ol>\n<li>Boleto ida y regreso, desde su pa\u00eds de origen hacia el pa\u00eds sede del evento y retorno desde cualquier otro punto de Centroam\u00e9rica (boletos con fechas para viajar \u00fanicamente entre los d\u00edas de feria)<\/li>\n<li>Alojamiento durante la feria<\/li>\n<li>Alimentaci\u00f3n durante los d\u00edas de feria<\/li>\n<li>Transporte aeropuerto &#8211; hotel \u2013 recinto ferial \u2013 hotel (y otras actividades que se desarrollen en el marco de la feria)<\/li>\n<li>Participaci\u00f3n gratuita en los pre tours en el pa\u00eds sede y post tours a los pa\u00edses de Centroam\u00e9rica<\/li>\n<li>Participaci\u00f3n gratuita en la feria y en las actividades oficiales programadas<\/li>\n<\/ol>\n<p><strong>Para formalizar su participaci\u00f3n en la Feria CATM, es necesario hacer llegar la siguiente documentaci\u00f3n:<\/strong><\/p>\n<ol>\n<li>Carta del medio confirmando las designaci\u00f3n y participaci\u00f3n del representante siendo este editor y especialista en secci\u00f3n de viajes de turismo y ocio<\/li>\n<li>Enviar pasaporte escaneado (p\u00e1gina principal)<\/li>\n<li>Enviar debidamente firmado y sellado el acuerdo de compromiso una vez confirme su participaci\u00f3n<\/li>\n<li>Confirmar su participaci\u00f3n antes de la fecha estipulada en la invitaci\u00f3n, de otra forma la organizaci\u00f3n no asegura el espacio<\/li>\n<li>Completar debidamente el formulario de registro<\/li>\n<\/ol>\n<p>El cobro del fee por participaci\u00f3n en el evento estar\u00e1 sujeto a una comunicaci\u00f3n oficial del pa\u00eds sede<\/p>\n<\/div><\/div><\/div><\/div><\/div>","protected":false},"excerpt":{"rendered":"","protected":false},"author":1,"featured_media":0,"parent":0,"menu_order":0,"comment_status":"closed","ping_status":"closed","template":"","meta":{"_bbp_topic_count":0,"_bbp_reply_count":0,"_bbp_total_topic_count":0,"_bbp_total_reply_count":0,"_bbp_voice_count":0,"_bbp_anonymous_reply_count":0,"_bbp_topic_count_hidden":0,"_bbp_reply_count_hidden":0,"_bbp_forum_subforum_count":0,"footnotes":""},"class_list":["post-11977","page","type-page","status-publish","hentry"],"_links":{"self":[{"href":"https:\/\/archive.centroamericatravelmarket.com\/en\/wp-json\/wp\/v2\/pages\/11977","targetHints":{"allow":["GET"]}}],"collection":[{"href":"https:\/\/archive.centroamericatravelmarket.com\/en\/wp-json\/wp\/v2\/pages"}],"about":[{"href":"https:\/\/archive.centroamericatravelmarket.com\/en\/wp-json\/wp\/v2\/types\/page"}],"author":[{"embeddable":true,"href":"https:\/\/archive.centroamericatravelmarket.com\/en\/wp-json\/wp\/v2\/users\/1"}],"replies":[{"embeddable":true,"href":"https:\/\/archive.centroamericatravelmarket.com\/en\/wp-json\/wp\/v2\/comments?post=11977"}],"version-history":[{"count":4,"href":"https:\/\/archive.centroamericatravelmarket.com\/en\/wp-json\/wp\/v2\/pages\/11977\/revisions"}],"predecessor-version":[{"id":12280,"href":"https:\/\/archive.centroamericatravelmarket.com\/en\/wp-json\/wp\/v2\/pages\/11977\/revisions\/12280"}],"wp:attachment":[{"href":"https:\/\/archive.centroamericatravelmarket.com\/en\/wp-json\/wp\/v2\/media?parent=11977"}],"curies":[{"name":"wp","href":"https:\/\/api.w.org\/{rel}","templated":true}]}}