{"id":11906,"date":"2017-04-16T21:15:18","date_gmt":"2017-04-16T21:15:18","guid":{"rendered":"https:\/\/centroamericatravelmarket.com\/?page_id=11906"},"modified":"2017-04-16T21:15:18","modified_gmt":"2017-04-16T21:15:18","slug":"antecedentes","status":"publish","type":"page","link":"https:\/\/archive.centroamericatravelmarket.com\/es\/antecedentes\/","title":{"rendered":"Antecedentes"},"content":{"rendered":"<div class=\"fusion-fullwidth fullwidth-box fusion-builder-row-1 fusion-flex-container nonhundred-percent-fullwidth non-hundred-percent-height-scrolling\" style=\"--awb-border-radius-top-left:0px;--awb-border-radius-top-right:0px;--awb-border-radius-bottom-right:0px;--awb-border-radius-bottom-left:0px;--awb-flex-wrap:wrap;\" ><div class=\"fusion-builder-row fusion-row fusion-flex-align-items-flex-start fusion-flex-content-wrap\" style=\"max-width:calc( 1100px + 0px );margin-left: calc(-0px \/ 2 );margin-right: calc(-0px \/ 2 );\"><div class=\"fusion-layout-column fusion_builder_column fusion-builder-column-0 fusion_builder_column_1_1 1_1 fusion-flex-column\" style=\"--awb-bg-size:cover;--awb-width-large:100%;--awb-margin-top-large:0px;--awb-spacing-right-large:0px;--awb-margin-bottom-large:20px;--awb-spacing-left-large:0px;--awb-width-medium:100%;--awb-spacing-right-medium:0px;--awb-spacing-left-medium:0px;--awb-width-small:100%;--awb-spacing-right-small:0px;--awb-spacing-left-small:0px;\"><div class=\"fusion-column-wrapper fusion-flex-justify-content-flex-start fusion-content-layout-column\"><div class=\"fusion-text fusion-text-1\"><p>Consecuentes con el esp\u00edritu integracionista y conscientes de la importancia de contar con un evento tur\u00edstico oficial en la regi\u00f3n, en el marco de la XLVIII Reuni\u00f3n Ordinaria del Consejo Centroamericano de Turismo (CCT), realizada el 4 de abril del 2003 en la ciudad de Panam\u00e1, Rep\u00fablica de Panam\u00e1, se acuerda la creaci\u00f3n de Centroam\u00e9rica Travel Market (CATM), como la feria oficial de la regi\u00f3n y se establece la primera quincena del mes de octubre de cada a\u00f1o para su realizaci\u00f3n, cuya sede ser\u00e1 anual, rotativa y definida por sorteo. El pa\u00eds sede podr\u00e1 definir la fecha para llevar a cabo la feria a la conveniencia de este, previa aprobaci\u00f3n en Reuni\u00f3n Ordinaria del Consejo Directivo de CATA.<\/p>\n<p>El ente organizador, promotor y ejecutor de la feria es la Federaci\u00f3n de C\u00e1maras de Turismo de Centroam\u00e9rica (FEDECATUR), con el apoyo del CCT y del Comit\u00e9 de Mercadeo Centroamericano de Turismo (COMECATUR), y la Agencia de Promoci\u00f3n Tur\u00edstica de Centroam\u00e9rica (CATA) para realizar la exitosa realizaci\u00f3n del evento.<\/p>\n<p>La feria Centroam\u00e9rica Travel Market (CATM) es un encuentro t\u00e9cnico-profesional, en la que se promueve la oferta tur\u00edstica de los pa\u00edses centroamericanos y se fomenta la oportunidad de establecer relaciones comerciales entre prestadores de servicios tur\u00edsticos centroamericanos con mayoristas de los principales mercados emisores a nivel internacional: Europa (mercado prioritario), Asia y Am\u00e9rica Latina entre otros. As\u00ed mismo, busca fomentar el conocimiento de la regi\u00f3n, difusi\u00f3n de destinos y los diversos productos tur\u00edsticos que ofrece, invitando a los principales medios de prensa especializados de los mismos mercados.<\/p>\n<p>La feria tiene una duraci\u00f3n m\u00e1xima de dos d\u00edas, de las cuales un d\u00eda se dedica a rueda de negocios entre expositores y compradores internacionales. El pa\u00eds sede podr\u00e1 tomar en consenso con el Consejo Directivo de CATA, la decisi\u00f3n de abrir la feria durante parte del segundo d\u00eda, al p\u00fablico general, esto con el fin de promover el producto de la regi\u00f3n, para lo cual los expositores regionales deber\u00e1n promover paquetes para el mercado regional.<\/p>\n<\/div><\/div><\/div><\/div><\/div>\n","protected":false},"excerpt":{"rendered":"","protected":false},"author":1,"featured_media":0,"parent":0,"menu_order":0,"comment_status":"closed","ping_status":"closed","template":"","meta":{"_bbp_topic_count":0,"_bbp_reply_count":0,"_bbp_total_topic_count":0,"_bbp_total_reply_count":0,"_bbp_voice_count":0,"_bbp_anonymous_reply_count":0,"_bbp_topic_count_hidden":0,"_bbp_reply_count_hidden":0,"_bbp_forum_subforum_count":0,"footnotes":""},"class_list":["post-11906","page","type-page","status-publish","hentry"],"_links":{"self":[{"href":"https:\/\/archive.centroamericatravelmarket.com\/es\/wp-json\/wp\/v2\/pages\/11906","targetHints":{"allow":["GET"]}}],"collection":[{"href":"https:\/\/archive.centroamericatravelmarket.com\/es\/wp-json\/wp\/v2\/pages"}],"about":[{"href":"https:\/\/archive.centroamericatravelmarket.com\/es\/wp-json\/wp\/v2\/types\/page"}],"author":[{"embeddable":true,"href":"https:\/\/archive.centroamericatravelmarket.com\/es\/wp-json\/wp\/v2\/users\/1"}],"replies":[{"embeddable":true,"href":"https:\/\/archive.centroamericatravelmarket.com\/es\/wp-json\/wp\/v2\/comments?post=11906"}],"version-history":[{"count":1,"href":"https:\/\/archive.centroamericatravelmarket.com\/es\/wp-json\/wp\/v2\/pages\/11906\/revisions"}],"predecessor-version":[{"id":11907,"href":"https:\/\/archive.centroamericatravelmarket.com\/es\/wp-json\/wp\/v2\/pages\/11906\/revisions\/11907"}],"wp:attachment":[{"href":"https:\/\/archive.centroamericatravelmarket.com\/es\/wp-json\/wp\/v2\/media?parent=11906"}],"curies":[{"name":"wp","href":"https:\/\/api.w.org\/{rel}","templated":true}]}}