{"id":11911,"date":"2017-04-16T21:29:55","date_gmt":"2017-04-16T21:29:55","guid":{"rendered":"https:\/\/centroamericatravelmarket.com\/?page_id=11911"},"modified":"2017-04-16T21:29:55","modified_gmt":"2017-04-16T21:29:55","slug":"objetivos","status":"publish","type":"page","link":"https:\/\/archive.centroamericatravelmarket.com\/es\/objetivos\/","title":{"rendered":"Objetivos"},"content":{"rendered":"<div class=\"fusion-fullwidth fullwidth-box fusion-builder-row-1 fusion-flex-container nonhundred-percent-fullwidth non-hundred-percent-height-scrolling\" style=\"--awb-border-radius-top-left:0px;--awb-border-radius-top-right:0px;--awb-border-radius-bottom-right:0px;--awb-border-radius-bottom-left:0px;--awb-flex-wrap:wrap;\" ><div class=\"fusion-builder-row fusion-row fusion-flex-align-items-flex-start fusion-flex-content-wrap\" style=\"max-width:calc( 1100px + 0px );margin-left: calc(-0px \/ 2 );margin-right: calc(-0px \/ 2 );\"><div class=\"fusion-layout-column fusion_builder_column fusion-builder-column-0 fusion_builder_column_1_1 1_1 fusion-flex-column\" style=\"--awb-bg-size:cover;--awb-width-large:100%;--awb-margin-top-large:0px;--awb-spacing-right-large:0px;--awb-margin-bottom-large:20px;--awb-spacing-left-large:0px;--awb-width-medium:100%;--awb-spacing-right-medium:0px;--awb-spacing-left-medium:0px;--awb-width-small:100%;--awb-spacing-right-small:0px;--awb-spacing-left-small:0px;\"><div class=\"fusion-column-wrapper fusion-flex-justify-content-flex-start fusion-content-layout-column\"><div class=\"fusion-text fusion-text-1\"><h2><b>Objetivo General<\/b><\/h2>\n<p>Contribuir al posicionamiento y difusi\u00f3n de la marca Centroam\u00e9rica, promoviendo la regi\u00f3n como un multidestino tur\u00edstico altamente competitivo en el \u00e1mbito internacional, para lograr mayor captaci\u00f3n de turistas internacionales a la regi\u00f3n, a fin de aumentar los beneficios que se generan en t\u00e9rminos de empleo, ingresos y desarrollo local.<\/p>\n<h2><b>Objetivos Espec\u00edficos<\/b><\/h2>\n<ol>\n<li>Fomentar las relaciones de negocios tur\u00edsticos entre compradores especializados de Europa, Asia y Am\u00e9rica Latina con oferentes tur\u00edsticos de Centroam\u00e9rica.<\/li>\n<li>Promover y difundir los atractivos y productos tur\u00edsticos bajo el concepto de multiproducto y multidestino.<\/li>\n<li>Propiciar el intercambio comercial entre prestadores de servicios centroamericanos, ofreciendo productos combinados y ofertas multidestino para atender la demanda internacional.<\/li>\n<li>Contribuir al incremento del turismo a la regi\u00f3n y apertura de mercados.<\/li>\n<\/ol>\n<\/div><\/div><\/div><\/div><\/div>\n","protected":false},"excerpt":{"rendered":"","protected":false},"author":1,"featured_media":0,"parent":0,"menu_order":0,"comment_status":"closed","ping_status":"closed","template":"","meta":{"_bbp_topic_count":0,"_bbp_reply_count":0,"_bbp_total_topic_count":0,"_bbp_total_reply_count":0,"_bbp_voice_count":0,"_bbp_anonymous_reply_count":0,"_bbp_topic_count_hidden":0,"_bbp_reply_count_hidden":0,"_bbp_forum_subforum_count":0,"footnotes":""},"class_list":["post-11911","page","type-page","status-publish","hentry"],"_links":{"self":[{"href":"https:\/\/archive.centroamericatravelmarket.com\/es\/wp-json\/wp\/v2\/pages\/11911","targetHints":{"allow":["GET"]}}],"collection":[{"href":"https:\/\/archive.centroamericatravelmarket.com\/es\/wp-json\/wp\/v2\/pages"}],"about":[{"href":"https:\/\/archive.centroamericatravelmarket.com\/es\/wp-json\/wp\/v2\/types\/page"}],"author":[{"embeddable":true,"href":"https:\/\/archive.centroamericatravelmarket.com\/es\/wp-json\/wp\/v2\/users\/1"}],"replies":[{"embeddable":true,"href":"https:\/\/archive.centroamericatravelmarket.com\/es\/wp-json\/wp\/v2\/comments?post=11911"}],"version-history":[{"count":1,"href":"https:\/\/archive.centroamericatravelmarket.com\/es\/wp-json\/wp\/v2\/pages\/11911\/revisions"}],"predecessor-version":[{"id":11912,"href":"https:\/\/archive.centroamericatravelmarket.com\/es\/wp-json\/wp\/v2\/pages\/11911\/revisions\/11912"}],"wp:attachment":[{"href":"https:\/\/archive.centroamericatravelmarket.com\/es\/wp-json\/wp\/v2\/media?parent=11911"}],"curies":[{"name":"wp","href":"https:\/\/api.w.org\/{rel}","templated":true}]}}