{"id":11975,"date":"2017-04-17T00:33:03","date_gmt":"2017-04-17T00:33:03","guid":{"rendered":"https:\/\/centroamericatravelmarket.com\/?page_id=11975"},"modified":"2017-06-19T18:49:28","modified_gmt":"2017-06-19T18:49:28","slug":"expositores","status":"publish","type":"page","link":"https:\/\/archive.centroamericatravelmarket.com\/es\/expositores\/","title":{"rendered":"Expositores"},"content":{"rendered":"<div class=\"fusion-fullwidth fullwidth-box fusion-builder-row-1 fusion-flex-container nonhundred-percent-fullwidth non-hundred-percent-height-scrolling\" style=\"--awb-border-radius-top-left:0px;--awb-border-radius-top-right:0px;--awb-border-radius-bottom-right:0px;--awb-border-radius-bottom-left:0px;--awb-flex-wrap:wrap;\" ><div class=\"fusion-builder-row fusion-row fusion-flex-align-items-flex-start fusion-flex-content-wrap\" style=\"max-width:calc( 1100px + 0px );margin-left: calc(-0px \/ 2 );margin-right: calc(-0px \/ 2 );\"><div class=\"fusion-layout-column fusion_builder_column fusion-builder-column-0 fusion_builder_column_1_1 1_1 fusion-flex-column\" style=\"--awb-bg-size:cover;--awb-width-large:100%;--awb-margin-top-large:0px;--awb-spacing-right-large:0px;--awb-margin-bottom-large:20px;--awb-spacing-left-large:0px;--awb-width-medium:100%;--awb-spacing-right-medium:0px;--awb-spacing-left-medium:0px;--awb-width-small:100%;--awb-spacing-right-small:0px;--awb-spacing-left-small:0px;\"><div class=\"fusion-column-wrapper fusion-flex-justify-content-flex-start fusion-content-layout-column\"><div class=\"fusion-text fusion-text-1\"><h2>Precios stands<\/h2>\n<p>Los stands se vender\u00e1n a un valor de US $1,200.00 cada uno.<\/p>\n<p>Las c\u00e1maras nacionales de turismo ser\u00e1n las responsables de recolectar el dinero generado de la venta de los stands en sus respectivos pa\u00edses, el cual ser\u00e1 transferido a la c\u00e1mara del pa\u00eds sede a la cuenta bancaria que \u00e9sta determine.<\/p>\n<\/div><\/div><\/div><\/div><\/div>\n","protected":false},"excerpt":{"rendered":"","protected":false},"author":1,"featured_media":0,"parent":0,"menu_order":0,"comment_status":"closed","ping_status":"closed","template":"","meta":{"_bbp_topic_count":0,"_bbp_reply_count":0,"_bbp_total_topic_count":0,"_bbp_total_reply_count":0,"_bbp_voice_count":0,"_bbp_anonymous_reply_count":0,"_bbp_topic_count_hidden":0,"_bbp_reply_count_hidden":0,"_bbp_forum_subforum_count":0,"footnotes":""},"class_list":["post-11975","page","type-page","status-publish","hentry"],"_links":{"self":[{"href":"https:\/\/archive.centroamericatravelmarket.com\/es\/wp-json\/wp\/v2\/pages\/11975","targetHints":{"allow":["GET"]}}],"collection":[{"href":"https:\/\/archive.centroamericatravelmarket.com\/es\/wp-json\/wp\/v2\/pages"}],"about":[{"href":"https:\/\/archive.centroamericatravelmarket.com\/es\/wp-json\/wp\/v2\/types\/page"}],"author":[{"embeddable":true,"href":"https:\/\/archive.centroamericatravelmarket.com\/es\/wp-json\/wp\/v2\/users\/1"}],"replies":[{"embeddable":true,"href":"https:\/\/archive.centroamericatravelmarket.com\/es\/wp-json\/wp\/v2\/comments?post=11975"}],"version-history":[{"count":3,"href":"https:\/\/archive.centroamericatravelmarket.com\/es\/wp-json\/wp\/v2\/pages\/11975\/revisions"}],"predecessor-version":[{"id":12278,"href":"https:\/\/archive.centroamericatravelmarket.com\/es\/wp-json\/wp\/v2\/pages\/11975\/revisions\/12278"}],"wp:attachment":[{"href":"https:\/\/archive.centroamericatravelmarket.com\/es\/wp-json\/wp\/v2\/media?parent=11975"}],"curies":[{"name":"wp","href":"https:\/\/api.w.org\/{rel}","templated":true}]}}