{"id":12268,"date":"2017-06-19T18:36:10","date_gmt":"2017-06-19T18:36:10","guid":{"rendered":"https:\/\/centroamericatravelmarket.com\/?page_id=12268"},"modified":"2017-06-19T18:39:02","modified_gmt":"2017-06-19T18:39:02","slug":"patrocinadores","status":"publish","type":"page","link":"https:\/\/archive.centroamericatravelmarket.com\/es\/patrocinadores\/","title":{"rendered":"Patrocinadores"},"content":{"rendered":"<div class=\"fusion-fullwidth fullwidth-box fusion-builder-row-1 fusion-flex-container nonhundred-percent-fullwidth non-hundred-percent-height-scrolling\" style=\"--awb-border-radius-top-left:0px;--awb-border-radius-top-right:0px;--awb-border-radius-bottom-right:0px;--awb-border-radius-bottom-left:0px;--awb-flex-wrap:wrap;\" ><div class=\"fusion-builder-row fusion-row fusion-flex-align-items-flex-start fusion-flex-content-wrap\" style=\"max-width:calc( 1100px + 0px );margin-left: calc(-0px \/ 2 );margin-right: calc(-0px \/ 2 );\"><div class=\"fusion-layout-column fusion_builder_column fusion-builder-column-0 fusion_builder_column_1_1 1_1 fusion-flex-column\" style=\"--awb-bg-size:cover;--awb-width-large:100%;--awb-margin-top-large:0px;--awb-spacing-right-large:0px;--awb-margin-bottom-large:20px;--awb-spacing-left-large:0px;--awb-width-medium:100%;--awb-spacing-right-medium:0px;--awb-spacing-left-medium:0px;--awb-width-small:100%;--awb-spacing-right-small:0px;--awb-spacing-left-small:0px;\"><div class=\"fusion-column-wrapper fusion-flex-justify-content-flex-start fusion-content-layout-column\"><div class=\"fusion-text fusion-text-1\"><p><img decoding=\"async\" class=\"lazyload wp-image-12271 size-full alignleft\" src=\"https:\/\/archive.centroamericatravelmarket.com\/wp-content\/uploads\/2017\/06\/Avianca-CATM.jpg\" data-orig-src=\"https:\/\/archive.centroamericatravelmarket.com\/wp-content\/uploads\/2017\/06\/Avianca-CATM.jpg\" alt=\"Avianca - CATM\" width=\"400\" height=\"172\" srcset=\"data:image\/svg+xml,%3Csvg%20xmlns%3D%27http%3A%2F%2Fwww.w3.org%2F2000%2Fsvg%27%20width%3D%27400%27%20height%3D%27172%27%20viewBox%3D%270%200%20400%20172%27%3E%3Crect%20width%3D%27400%27%20height%3D%27172%27%20fill-opacity%3D%220%22%2F%3E%3C%2Fsvg%3E\" data-srcset=\"https:\/\/archive.centroamericatravelmarket.com\/wp-content\/uploads\/2017\/06\/Avianca-CATM-200x86.jpg 200w, https:\/\/archive.centroamericatravelmarket.com\/wp-content\/uploads\/2017\/06\/Avianca-CATM-350x151.jpg 350w, https:\/\/archive.centroamericatravelmarket.com\/wp-content\/uploads\/2017\/06\/Avianca-CATM.jpg 400w\" data-sizes=\"auto\" data-orig-sizes=\"(max-width: 400px) 100vw, 400px\" \/>Como miembro Platinum de la Agencia de Promoci\u00f3n Tur\u00edstica de Centroam\u00e9rica \u2013 CATA hasta el 2015, Aerov\u00edas del Continente Americano S.A. Avianca (Avianca) y las aerol\u00edneas del Grupo Taca , han participado en la organizaci\u00f3n de todas las ediciones de la Centro America Travel Market \u2013 CATM . Su participaci\u00f3n e involucramiento con los aportes de boletos a\u00e9reos en la organizaci\u00f3n de los pre tours y post tours de agencias mayoristas y medios de prensa a los pa\u00edses de Centroam\u00e9rica ha sido realmente valioso.<\/p>\n<\/div><div class=\"fusion-separator fusion-full-width-sep\" style=\"align-self: center;margin-left: auto;margin-right: auto;margin-top:20px;margin-bottom:20px;width:100%;\"><div class=\"fusion-separator-border sep-single sep-solid\" style=\"--awb-height:20px;--awb-amount:20px;border-color:#e0dede;border-top-width:1px;\"><\/div><\/div><div class=\"fusion-text fusion-text-2\"><p><img decoding=\"async\" class=\"lazyload size-full wp-image-12270 alignleft\" src=\"https:\/\/archive.centroamericatravelmarket.com\/wp-content\/uploads\/2017\/06\/Iberia-CATM.jpg\" data-orig-src=\"https:\/\/archive.centroamericatravelmarket.com\/wp-content\/uploads\/2017\/06\/Iberia-CATM.jpg\" alt=\"Iberia - CATM\" width=\"400\" height=\"103\" srcset=\"data:image\/svg+xml,%3Csvg%20xmlns%3D%27http%3A%2F%2Fwww.w3.org%2F2000%2Fsvg%27%20width%3D%27400%27%20height%3D%27103%27%20viewBox%3D%270%200%20400%20103%27%3E%3Crect%20width%3D%27400%27%20height%3D%27103%27%20fill-opacity%3D%220%22%2F%3E%3C%2Fsvg%3E\" data-srcset=\"https:\/\/archive.centroamericatravelmarket.com\/wp-content\/uploads\/2017\/06\/Iberia-CATM-200x52.jpg 200w, https:\/\/archive.centroamericatravelmarket.com\/wp-content\/uploads\/2017\/06\/Iberia-CATM-350x90.jpg 350w, https:\/\/archive.centroamericatravelmarket.com\/wp-content\/uploads\/2017\/06\/Iberia-CATM.jpg 400w\" data-sizes=\"auto\" data-orig-sizes=\"(max-width: 400px) 100vw, 400px\" \/> La l\u00ednea a\u00e9rea espa\u00f1ola IBERA ha participado de igual forma como patrocinador de los eventos otorgando tarifas preferenciales para los mayoristas y medios de Europa .<\/p>\n<\/div><\/div><\/div><\/div><\/div>\n","protected":false},"excerpt":{"rendered":"","protected":false},"author":1,"featured_media":0,"parent":0,"menu_order":0,"comment_status":"closed","ping_status":"closed","template":"","meta":{"_bbp_topic_count":0,"_bbp_reply_count":0,"_bbp_total_topic_count":0,"_bbp_total_reply_count":0,"_bbp_voice_count":0,"_bbp_anonymous_reply_count":0,"_bbp_topic_count_hidden":0,"_bbp_reply_count_hidden":0,"_bbp_forum_subforum_count":0,"footnotes":""},"class_list":["post-12268","page","type-page","status-publish","hentry"],"_links":{"self":[{"href":"https:\/\/archive.centroamericatravelmarket.com\/es\/wp-json\/wp\/v2\/pages\/12268","targetHints":{"allow":["GET"]}}],"collection":[{"href":"https:\/\/archive.centroamericatravelmarket.com\/es\/wp-json\/wp\/v2\/pages"}],"about":[{"href":"https:\/\/archive.centroamericatravelmarket.com\/es\/wp-json\/wp\/v2\/types\/page"}],"author":[{"embeddable":true,"href":"https:\/\/archive.centroamericatravelmarket.com\/es\/wp-json\/wp\/v2\/users\/1"}],"replies":[{"embeddable":true,"href":"https:\/\/archive.centroamericatravelmarket.com\/es\/wp-json\/wp\/v2\/comments?post=12268"}],"version-history":[{"count":4,"href":"https:\/\/archive.centroamericatravelmarket.com\/es\/wp-json\/wp\/v2\/pages\/12268\/revisions"}],"predecessor-version":[{"id":12275,"href":"https:\/\/archive.centroamericatravelmarket.com\/es\/wp-json\/wp\/v2\/pages\/12268\/revisions\/12275"}],"wp:attachment":[{"href":"https:\/\/archive.centroamericatravelmarket.com\/es\/wp-json\/wp\/v2\/media?parent=12268"}],"curies":[{"name":"wp","href":"https:\/\/api.w.org\/{rel}","templated":true}]}}